
{"id":2,"date":"2025-09-04T06:48:52","date_gmt":"2025-09-04T06:48:52","guid":{"rendered":"http:\/\/spk.alkaloidad.local\/?page_id=2"},"modified":"2025-10-20T10:22:38","modified_gmt":"2025-10-20T08:22:38","slug":"sample-page","status":"publish","type":"page","link":"https:\/\/speakup.alkaloid.com.mk\/sr\/","title":{"rendered":"Home Page"},"content":{"rendered":"<div data-elementor-type=\"wp-page\" data-elementor-id=\"2\" class=\"elementor elementor-2\" data-elementor-settings=\"{&quot;element_pack_global_tooltip_width&quot;:{&quot;unit&quot;:&quot;px&quot;,&quot;size&quot;:&quot;&quot;,&quot;sizes&quot;:[]},&quot;element_pack_global_tooltip_width_tablet&quot;:{&quot;unit&quot;:&quot;px&quot;,&quot;size&quot;:&quot;&quot;,&quot;sizes&quot;:[]},&quot;element_pack_global_tooltip_width_mobile&quot;:{&quot;unit&quot;:&quot;px&quot;,&quot;size&quot;:&quot;&quot;,&quot;sizes&quot;:[]},&quot;element_pack_global_tooltip_padding&quot;:{&quot;unit&quot;:&quot;px&quot;,&quot;top&quot;:&quot;&quot;,&quot;right&quot;:&quot;&quot;,&quot;bottom&quot;:&quot;&quot;,&quot;left&quot;:&quot;&quot;,&quot;isLinked&quot;:true},&quot;element_pack_global_tooltip_padding_tablet&quot;:{&quot;unit&quot;:&quot;px&quot;,&quot;top&quot;:&quot;&quot;,&quot;right&quot;:&quot;&quot;,&quot;bottom&quot;:&quot;&quot;,&quot;left&quot;:&quot;&quot;,&quot;isLinked&quot;:true},&quot;element_pack_global_tooltip_padding_mobile&quot;:{&quot;unit&quot;:&quot;px&quot;,&quot;top&quot;:&quot;&quot;,&quot;right&quot;:&quot;&quot;,&quot;bottom&quot;:&quot;&quot;,&quot;left&quot;:&quot;&quot;,&quot;isLinked&quot;:true},&quot;element_pack_global_tooltip_border_radius&quot;:{&quot;unit&quot;:&quot;px&quot;,&quot;top&quot;:&quot;&quot;,&quot;right&quot;:&quot;&quot;,&quot;bottom&quot;:&quot;&quot;,&quot;left&quot;:&quot;&quot;,&quot;isLinked&quot;:true},&quot;element_pack_global_tooltip_border_radius_tablet&quot;:{&quot;unit&quot;:&quot;px&quot;,&quot;top&quot;:&quot;&quot;,&quot;right&quot;:&quot;&quot;,&quot;bottom&quot;:&quot;&quot;,&quot;left&quot;:&quot;&quot;,&quot;isLinked&quot;:true},&quot;element_pack_global_tooltip_border_radius_mobile&quot;:{&quot;unit&quot;:&quot;px&quot;,&quot;top&quot;:&quot;&quot;,&quot;right&quot;:&quot;&quot;,&quot;bottom&quot;:&quot;&quot;,&quot;left&quot;:&quot;&quot;,&quot;isLinked&quot;:true}}\" data-elementor-post-type=\"page\">\n\t\t\t\t<div class=\"elementor-element elementor-element-6fedb4d e-flex e-con-boxed elementor-invisible e-con e-parent\" data-id=\"6fedb4d\" data-element_type=\"container\" data-settings=\"{&quot;background_background&quot;:&quot;classic&quot;,&quot;animation&quot;:&quot;fadeIn&quot;}\">\n\t\t\t\t\t<div class=\"e-con-inner\">\n\t\t<div class=\"elementor-element elementor-element-c20c9eb e-con-full e-flex e-con e-child\" data-id=\"c20c9eb\" data-element_type=\"container\">\n\t\t<div class=\"elementor-element elementor-element-87f6f7e e-con-full e-flex e-con e-child\" data-id=\"87f6f7e\" data-element_type=\"container\">\n\t\t<div class=\"elementor-element elementor-element-2b1913f e-con-full e-flex elementor-invisible e-con e-child\" data-id=\"2b1913f\" data-element_type=\"container\" data-settings=\"{&quot;animation&quot;:&quot;fadeInDown&quot;}\">\n\t\t\t\t<div class=\"elementor-element elementor-element-c6f17da elementor-widget elementor-widget-image\" data-id=\"c6f17da\" data-element_type=\"widget\" data-widget_type=\"image.default\">\n\t\t\t\t\t\t\t\t\t\t\t\t\t\t\t\t<a href=\"https:\/\/speakup.alkaloid.com.mk\/wp-content\/uploads\/2026\/04\/Alkaloid_doo_Kodeks_o_etickom_i_poslovnom_ponasanju.pdf\" target=\"_blank\">\n\t\t\t\t\t\t\t<img decoding=\"async\" width=\"100\" height=\"100\" src=\"https:\/\/speakup.alkaloid.com.mk\/wp-content\/uploads\/2025\/09\/download.png\" class=\"elementor-animation-grow-rotate attachment-large size-large wp-image-17\" alt=\"\" \/>\t\t\t\t\t\t\t\t<\/a>\n\t\t\t\t\t\t\t\t\t\t\t\t\t\t\t<\/div>\n\t\t\t\t<\/div>\n\t\t<div class=\"elementor-element elementor-element-dcc6c0a e-con-full e-flex e-con e-child\" data-id=\"dcc6c0a\" data-element_type=\"container\">\n\t\t\t\t<div class=\"elementor-element elementor-element-438321f elementor-widget elementor-widget-heading\" data-id=\"438321f\" data-element_type=\"widget\" data-widget_type=\"heading.default\">\n\t\t\t\t\t<h2 class=\"elementor-heading-title elementor-size-default translation-block\">Preuzmite Kodeks <br>poslovnog i eti\u010dkog pona\u0161anja<\/h2>\t\t\t\t<\/div>\n\t\t\t\t<\/div>\n\t\t\t\t<\/div>\n\t\t<div class=\"elementor-element elementor-element-48e6004 e-con-full e-flex e-con e-child\" data-id=\"48e6004\" data-element_type=\"container\">\n\t\t\t\t<div class=\"elementor-element elementor-element-08781f5 elementor-invisible elementor-widget elementor-widget-image\" data-id=\"08781f5\" data-element_type=\"widget\" data-settings=\"{&quot;_animation&quot;:&quot;fadeIn&quot;}\" data-widget_type=\"image.default\">\n\t\t\t\t\t\t\t\t\t\t\t\t\t\t\t<img decoding=\"async\" width=\"415\" height=\"70\" src=\"https:\/\/speakup.alkaloid.com.mk\/wp-content\/uploads\/2025\/10\/zdravjeto-transparent.png\" class=\"attachment-large size-large wp-image-411\" alt=\"\" srcset=\"https:\/\/speakup.alkaloid.com.mk\/wp-content\/uploads\/2025\/10\/zdravjeto-transparent.png 415w, https:\/\/speakup.alkaloid.com.mk\/wp-content\/uploads\/2025\/10\/zdravjeto-transparent-300x51.png 300w\" sizes=\"(max-width: 415px) 100vw, 415px\" \/>\t\t\t\t\t\t\t\t\t\t\t\t\t\t\t<\/div>\n\t\t\t\t<\/div>\n\t\t\t\t<\/div>\n\t\t<div class=\"elementor-element elementor-element-43cbfa9 e-con-full e-flex e-con e-child\" data-id=\"43cbfa9\" data-element_type=\"container\">\n\t\t\t\t<\/div>\n\t\t\t\t\t<\/div>\n\t\t\t\t<\/div>\n\t\t<div class=\"elementor-element elementor-element-e710127 e-flex e-con-boxed e-con e-parent\" data-id=\"e710127\" data-element_type=\"container\">\n\t\t\t\t\t<div class=\"e-con-inner\">\n\t\t<div class=\"elementor-element elementor-element-807b033 e-con-full e-flex elementor-invisible e-con e-child\" data-id=\"807b033\" data-element_type=\"container\" data-settings=\"{&quot;animation&quot;:&quot;fadeIn&quot;}\">\n\t\t\t\t<div class=\"elementor-element elementor-element-e925341 elementor-widget elementor-widget-heading\" data-id=\"e925341\" data-element_type=\"widget\" data-widget_type=\"heading.default\">\n\t\t\t\t\t<h2 class=\"elementor-heading-title elementor-size-default\">Podsti\u010demo Vas da, bez obzira da li radite za Alkaloid ili ne, prijavite neprikladno pona\u0161anje, moguc\u0301a kr\u0161enja Kodeksa eti\u010dkog i poslovnog pona\u0161anja, kr\u0161enja politika i procedura Alkaloida, kao i sve sumnje na nepo\u0161tovanje zakonskih propisa. Ako ste deo Alkaloida, prethodno razmislite da o tome razgovarate sa svojim direktnim rukovodiocem, sa rukovodiocem druge linije, gde je to primenljivo, ili sa Korporativnim ili lokalnim Slu\u017ebenikom za uskla\u0111enost poslovanja. Ako niste u moguc\u0301nosti ili se ne osec\u0301ate prijatno da razgovarate o problemu interno unutar kompanije, prijavu mo\u017eete podneti elektronski, li\u010dno ili anonimno putem ovog sajta. Prilikom podno\u0161enja prijave, navedite \u0161to vi\u0161e detalja. Iako postoji moguc\u0301nost da ostanete anonimni, podsti\u010demo Vas da se identifikujete i uklju\u010dite u proces, tj. da podr\u017eite istragu Alkaloida po Va\u0161oj prijavi.\n\n<\/h2>\t\t\t\t<\/div>\n\t\t\t\t<\/div>\n\t\t\t\t\t<\/div>\n\t\t\t\t<\/div>\n\t\t\t\t<\/div>","protected":false},"excerpt":{"rendered":"<p>\u041f\u0440\u0435\u0432\u0437\u0435\u043c\u0435\u0442\u0435 \u0433\u043e \u041a\u043e\u0434\u043e\u0442 \u0437\u0430 \u0434\u0435\u043b\u043e\u0432\u043d\u043e \u0438 \u0435\u0442\u0438\u0447\u043a\u043e \u043e\u0434\u043d\u0435\u0441\u0443\u0432\u0430\u045a\u0435 \u0412\u0435 \u043e\u0445\u0440\u0430\u0431\u0440\u0443\u0432\u0430\u043c\u0435, \u0431\u0435\u0437 \u0440\u0430\u0437\u043b\u0438\u043a\u0430 \u0434\u0430\u043b\u0438 \u0440\u0430\u0431\u043e\u0442\u0438\u0442\u0435 \u0432\u043e \u201e\u0410\u043b\u043a\u0430\u043b\u043e\u0438\u0434\u201c \u0438\u043b\u0438 \u043d\u0435, \u0434\u0430 \u043f\u0440\u0438\u0458\u0430\u0432\u0438\u0442\u0435 \u043d\u0435\u0441\u043e\u043e\u0434\u0432\u0435\u0442\u043d\u043e \u043e\u0434\u043d\u0435\u0441\u0443\u0432\u0430\u045a\u0435, \u043c\u043e\u0436\u043d\u043e \u043f\u0440\u0435\u043a\u0440\u0448\u0443\u0432\u0430\u045a\u0435 \u043d\u0430 \u041a\u043e\u0434\u043e\u0442 \u0437\u0430 \u0435\u0442\u0438\u0447\u043a\u043e \u0438 \u0434\u0435\u043b\u043e\u0432\u043d\u043e \u043e\u0434\u043d\u0435\u0441\u0443\u0432\u0430\u045a\u0435, \u043f\u0440\u0435\u043a\u0440\u0448\u0443\u0432\u0430\u045a\u0435 \u043d\u0430 \u043f\u043e\u043b\u0438\u0442\u0438\u043a\u0438\u0442\u0435 \u0438 \u043d\u0430 \u043f\u0440\u043e\u0446\u0435\u0434\u0443\u0440\u0438\u0442\u0435 \u043d\u0430 \u201e\u0410\u043b\u043a\u0430\u043b\u043e\u0438\u0434\u201c, \u043a\u0430\u043a\u043e \u0438 \u0441\u0438\u0442\u0435 \u0441\u043e\u043c\u043d\u0435\u0436\u0438 \u0437\u0430 \u043d\u0435\u043f\u043e\u0447\u0438\u0442\u0443\u0432\u0430\u045a\u0435 \u043d\u0430 \u0437\u0430\u043a\u043e\u043d\u0441\u043a\u0438\u0442\u0435 \u043f\u0440\u043e\u043f\u0438\u0441\u0438. \u0414\u043e\u043a\u043e\u043b\u043a\u0443 \u0441\u0442\u0435 \u0434\u0435\u043b \u043e\u0434 \u201e\u0410\u043b\u043a\u0430\u043b\u043e\u0438\u0434\u201c, \u0440\u0430\u0437\u043c\u0438\u0441\u043b\u0435\u0442\u0435 \u0434\u0430 [&hellip;]<\/p>","protected":false},"author":1,"featured_media":0,"parent":0,"menu_order":0,"comment_status":"closed","ping_status":"open","template":"elementor_header_footer","meta":{"footnotes":""},"class_list":["post-2","page","type-page","status-publish","hentry"],"_links":{"self":[{"href":"https:\/\/speakup.alkaloid.com.mk\/sr\/wp-json\/wp\/v2\/pages\/2","targetHints":{"allow":["GET"]}}],"collection":[{"href":"https:\/\/speakup.alkaloid.com.mk\/sr\/wp-json\/wp\/v2\/pages"}],"about":[{"href":"https:\/\/speakup.alkaloid.com.mk\/sr\/wp-json\/wp\/v2\/types\/page"}],"author":[{"embeddable":true,"href":"https:\/\/speakup.alkaloid.com.mk\/sr\/wp-json\/wp\/v2\/users\/1"}],"replies":[{"embeddable":true,"href":"https:\/\/speakup.alkaloid.com.mk\/sr\/wp-json\/wp\/v2\/comments?post=2"}],"version-history":[{"count":128,"href":"https:\/\/speakup.alkaloid.com.mk\/sr\/wp-json\/wp\/v2\/pages\/2\/revisions"}],"predecessor-version":[{"id":645,"href":"https:\/\/speakup.alkaloid.com.mk\/sr\/wp-json\/wp\/v2\/pages\/2\/revisions\/645"}],"wp:attachment":[{"href":"https:\/\/speakup.alkaloid.com.mk\/sr\/wp-json\/wp\/v2\/media?parent=2"}],"curies":[{"name":"wp","href":"https:\/\/api.w.org\/{rel}","templated":true}]}}