
{"id":372,"date":"2025-10-01T11:29:31","date_gmt":"2025-10-01T11:29:31","guid":{"rendered":"http:\/\/spk.alkaloidad.local\/?page_id=372"},"modified":"2026-04-17T19:09:21","modified_gmt":"2026-04-17T17:09:21","slug":"transparentno","status":"publish","type":"page","link":"https:\/\/speakup.alkaloid.com.mk\/sr\/transparentno\/","title":{"rendered":"\u0422\u0440\u0430\u0441\u043f\u0430\u0440\u0435\u043d\u0442\u043d\u043e"},"content":{"rendered":"<div data-elementor-type=\"wp-page\" data-elementor-id=\"372\" class=\"elementor elementor-372\" data-elementor-settings=\"{&quot;element_pack_global_tooltip_width&quot;:{&quot;unit&quot;:&quot;px&quot;,&quot;size&quot;:&quot;&quot;,&quot;sizes&quot;:[]},&quot;element_pack_global_tooltip_width_tablet&quot;:{&quot;unit&quot;:&quot;px&quot;,&quot;size&quot;:&quot;&quot;,&quot;sizes&quot;:[]},&quot;element_pack_global_tooltip_width_mobile&quot;:{&quot;unit&quot;:&quot;px&quot;,&quot;size&quot;:&quot;&quot;,&quot;sizes&quot;:[]},&quot;element_pack_global_tooltip_padding&quot;:{&quot;unit&quot;:&quot;px&quot;,&quot;top&quot;:&quot;&quot;,&quot;right&quot;:&quot;&quot;,&quot;bottom&quot;:&quot;&quot;,&quot;left&quot;:&quot;&quot;,&quot;isLinked&quot;:true},&quot;element_pack_global_tooltip_padding_tablet&quot;:{&quot;unit&quot;:&quot;px&quot;,&quot;top&quot;:&quot;&quot;,&quot;right&quot;:&quot;&quot;,&quot;bottom&quot;:&quot;&quot;,&quot;left&quot;:&quot;&quot;,&quot;isLinked&quot;:true},&quot;element_pack_global_tooltip_padding_mobile&quot;:{&quot;unit&quot;:&quot;px&quot;,&quot;top&quot;:&quot;&quot;,&quot;right&quot;:&quot;&quot;,&quot;bottom&quot;:&quot;&quot;,&quot;left&quot;:&quot;&quot;,&quot;isLinked&quot;:true},&quot;element_pack_global_tooltip_border_radius&quot;:{&quot;unit&quot;:&quot;px&quot;,&quot;top&quot;:&quot;&quot;,&quot;right&quot;:&quot;&quot;,&quot;bottom&quot;:&quot;&quot;,&quot;left&quot;:&quot;&quot;,&quot;isLinked&quot;:true},&quot;element_pack_global_tooltip_border_radius_tablet&quot;:{&quot;unit&quot;:&quot;px&quot;,&quot;top&quot;:&quot;&quot;,&quot;right&quot;:&quot;&quot;,&quot;bottom&quot;:&quot;&quot;,&quot;left&quot;:&quot;&quot;,&quot;isLinked&quot;:true},&quot;element_pack_global_tooltip_border_radius_mobile&quot;:{&quot;unit&quot;:&quot;px&quot;,&quot;top&quot;:&quot;&quot;,&quot;right&quot;:&quot;&quot;,&quot;bottom&quot;:&quot;&quot;,&quot;left&quot;:&quot;&quot;,&quot;isLinked&quot;:true}}\" data-elementor-post-type=\"page\">\n\t\t\t\t<div class=\"elementor-element elementor-element-fb9a669 e-flex e-con-boxed e-con e-parent\" data-id=\"fb9a669\" data-element_type=\"container\" data-settings=\"{&quot;background_background&quot;:&quot;classic&quot;}\">\n\t\t\t\t\t<div class=\"e-con-inner\">\n\t\t\t\t<div class=\"elementor-element elementor-element-7202a4d elementor-invisible elementor-widget elementor-widget-heading\" data-id=\"7202a4d\" data-element_type=\"widget\" data-settings=\"{&quot;_animation&quot;:&quot;fadeIn&quot;}\" data-widget_type=\"heading.default\">\n\t\t\t\t\t<h2 class=\"elementor-heading-title elementor-size-default\">Prijavite nepravilnost (Transparentno)\n<\/h2>\t\t\t\t<\/div>\n\t\t\t\t\t<\/div>\n\t\t\t\t<\/div>\n\t\t<div class=\"elementor-element elementor-element-da83999 e-flex e-con-boxed e-con e-parent\" data-id=\"da83999\" data-element_type=\"container\">\n\t\t\t\t\t<div class=\"e-con-inner\">\n\t\t<div class=\"elementor-element elementor-element-fdc86a8 e-con-full e-flex elementor-invisible e-con e-child\" data-id=\"fdc86a8\" data-element_type=\"container\" data-settings=\"{&quot;background_background&quot;:&quot;classic&quot;,&quot;animation&quot;:&quot;fadeInLeft&quot;}\">\n\t\t<div class=\"elementor-element elementor-element-4ecdf32 e-con-full e-flex elementor-invisible e-con e-child\" data-id=\"4ecdf32\" data-element_type=\"container\" data-settings=\"{&quot;background_background&quot;:&quot;classic&quot;,&quot;animation&quot;:&quot;fadeInUp&quot;,&quot;animation_delay&quot;:900}\">\n\t\t\t\t<div class=\"elementor-element elementor-element-ae90150 elementor-widget elementor-widget-text-editor\" data-id=\"ae90150\" data-element_type=\"widget\" data-widget_type=\"text-editor.default\">\n\t\t\t\t\t\t\t\t\t<p>Sposobnost Alkaloida da istra\u017ei va\u0161u zabrinutost zavisi od va\u0161e spremnosti da pru\u017eite iskrene, ta\u010dne i potpune informacije. Podsti\u010demo vas da pru\u017eite \u0161to vi\u0161e detalja i informacija o prijavljenoj nepravilnosti. Prijava nec\u0301e biti poslata Alkaloidu dok ne kliknete na dugme \u201ePRIJAVI\u201c na kraju izve\u0161taja.<\/p>\t\t\t\t\t\t\t\t<\/div>\n\t\t\t\t<\/div>\n\t\t<div class=\"elementor-element elementor-element-76be96a e-con-full e-flex elementor-invisible e-con e-child\" data-id=\"76be96a\" data-element_type=\"container\" data-settings=\"{&quot;background_background&quot;:&quot;classic&quot;,&quot;animation&quot;:&quot;fadeInLeft&quot;}\">\n\t\t\t\t<div class=\"elementor-element elementor-element-9bd8e02 elementor-button-align-stretch elementor-widget elementor-widget-form\" data-id=\"9bd8e02\" data-element_type=\"widget\" data-settings=\"{&quot;step_next_label&quot;:&quot;\\u0421\\u043b\\u0435\\u0434\\u0435\\u043d \\u0447\\u0435\\u043a\\u043e\\u0440&quot;,&quot;step_previous_label&quot;:&quot;\\u0427\\u0435\\u043a\\u043e\\u0440 \\u043d\\u0430\\u0437\\u0430\\u0434&quot;,&quot;step_type&quot;:&quot;none&quot;,&quot;button_width&quot;:&quot;100&quot;,&quot;step_icon_shape&quot;:&quot;circle&quot;}\" data-widget_type=\"form.default\">\n\t\t\t\t\t\t\t<form class=\"elementor-form\" method=\"post\" name=\"Transparentno\" aria-label=\"Transparentno\" action=\"\">\n\t\t\t<input type=\"hidden\" name=\"post_id\" value=\"372\"\/>\n\t\t\t<input type=\"hidden\" name=\"form_id\" value=\"9bd8e02\"\/>\n\t\t\t<input type=\"hidden\" name=\"referer_title\" value=\"\" \/>\n\n\t\t\t\n\t\t\t<div class=\"elementor-form-fields-wrapper elementor-labels-above\">\n\t\t\t\t\t\t\t\t<div class=\"elementor-field-type-step elementor-field-group elementor-column elementor-field-group-field_a9f0325 elementor-col-100\">\n\t\t\t\t\t\t\t<div class=\"e-field-step elementor-hidden\" data-label=\"\" data-previousbutton=\"\" data-nextbutton=\"\" data-iconurl=\"\" data-iconlibrary=\"fas fa-star\" data-icon=\"&lt;svg class=&quot;e-font-icon-svg e-fas-star&quot; viewBox=&quot;0 0 576 512&quot; xmlns=&quot;http:\/\/www.w3.org\/2000\/svg&quot;&gt;&lt;path d=&quot;M259.3 17.8L194 150.2 47.9 171.5c-26.2 3.8-36.7 36.1-17.7 54.6l105.7 103-25 145.5c-4.5 26.3 23.2 46 46.4 33.7L288 439.6l130.7 68.7c23.2 12.2 50.9-7.4 46.4-33.7l-25-145.5 105.7-103c19-18.5 8.5-50.8-17.7-54.6L382 150.2 316.7 17.8c-11.7-23.6-45.6-23.9-57.4 0z&quot;&gt;&lt;\/path&gt;&lt;\/svg&gt;\" ><\/div>\n\n\t\t\t\t\t\t<\/div>\n\t\t\t\t\t\t\t\t<div class=\"elementor-field-type-text elementor-field-group elementor-column elementor-field-group-field_ab9e91f elementor-col-50 elementor-field-required elementor-mark-required\">\n\t\t\t\t\t\t\t\t\t\t\t\t<label for=\"form-field-field_ab9e91f\" class=\"elementor-field-label\">\n\t\t\t\t\t\t\t\tIme\t\t\t\t\t\t\t<\/label>\n\t\t\t\t\t\t\t\t\t\t\t\t\t\t<input size=\"1\" type=\"text\" name=\"form_fields[field_ab9e91f]\" id=\"form-field-field_ab9e91f\" class=\"elementor-field elementor-size-sm  elementor-field-textual\" placeholder=\"Ime\" required=\"required\">\n\t\t\t\t\t\t\t\t\t\t\t<\/div>\n\t\t\t\t\t\t\t\t<div class=\"elementor-field-type-text elementor-field-group elementor-column elementor-field-group-field_b28201a elementor-col-50 elementor-field-required elementor-mark-required\">\n\t\t\t\t\t\t\t\t\t\t\t\t<label for=\"form-field-field_b28201a\" class=\"elementor-field-label\">\n\t\t\t\t\t\t\t\tPrezime\t\t\t\t\t\t\t<\/label>\n\t\t\t\t\t\t\t\t\t\t\t\t\t\t<input size=\"1\" type=\"text\" name=\"form_fields[field_b28201a]\" id=\"form-field-field_b28201a\" class=\"elementor-field elementor-size-sm  elementor-field-textual\" placeholder=\"Prezime\" required=\"required\">\n\t\t\t\t\t\t\t\t\t\t\t<\/div>\n\t\t\t\t\t\t\t\t<div class=\"elementor-field-type-select elementor-field-group elementor-column elementor-field-group-tip_na_vrabotuvanje elementor-col-100 elementor-field-required elementor-mark-required\">\n\t\t\t\t\t\t\t\t\t\t\t\t<label for=\"form-field-tip_na_vrabotuvanje\" class=\"elementor-field-label\">\n\t\t\t\t\t\t\t\tStatus sa Alkaloidom\t\t\t\t\t\t\t<\/label>\n\t\t\t\t\t\t\t\t<div class=\"elementor-field elementor-select-wrapper remove-before\">\n\t\t\t<div class=\"select-caret-down-wrapper\">\n\t\t\t\t<svg aria-hidden=\"true\" class=\"e-font-icon-svg e-eicon-caret-down\" viewbox=\"0 0 571.4 571.4\" xmlns=\"http:\/\/www.w3.org\/2000\/svg\"><path d=\"M571 393Q571 407 561 418L311 668Q300 679 286 679T261 668L11 418Q0 407 0 393T11 368 36 357H536Q550 357 561 368T571 393Z\"><\/path><\/svg>\t\t\t<\/div>\n\t\t\t<select name=\"form_fields[tip_na_vrabotuvanje]\" id=\"form-field-tip_na_vrabotuvanje\" class=\"elementor-field-textual elementor-size-sm\" required=\"required\">\n\t\t\t\t\t\t\t\t\t<option value=\"\u0418\u0437\u0431\u0435\u0440\u0435\u0442\u0435 \u0421\u0442\u0430\u0442\u0443\u0441 \">Izaberite status <\/option>\n\t\t\t\t\t\t\t\t\t<option value=\"aktiven\">Active employee<\/option>\n\t\t\t\t\t\t\t\t\t<option value=\"poraneshen\">\u041f\u043e\u0440\u0430\u043d\u0435\u0448\u0435\u043d \u0432\u0440\u0430\u0431\u043e\u0442\u0435\u043d<\/option>\n\t\t\t\t\t\t\t\t\t<option value=\"nadvoresen\">\u041d\u0430\u0434\u0432\u043e\u0440\u0435\u0448\u0435\u043d \u0441\u043e\u0440\u0430\u0431\u043e\u0442\u043d\u0438\u043a<\/option>\n\t\t\t\t\t\t\t<\/select>\n\t\t<\/div>\n\t\t\t\t\t\t<\/div>\n\t\t\t\t\t\t\t\t<div class=\"elementor-field-type-select elementor-field-group elementor-column elementor-field-group-vraboten_1 elementor-col-100\">\n\t\t\t\t\t\t\t\t\t\t\t\t<label for=\"form-field-vraboten_1\" class=\"elementor-field-label\">\n\t\t\t\t\t\t\t\tvraboten\t\t\t\t\t\t\t<\/label>\n\t\t\t\t\t\t\t\t<div class=\"elementor-field elementor-select-wrapper remove-before\">\n\t\t\t<div class=\"select-caret-down-wrapper\">\n\t\t\t\t<svg aria-hidden=\"true\" class=\"e-font-icon-svg e-eicon-caret-down\" viewbox=\"0 0 571.4 571.4\" xmlns=\"http:\/\/www.w3.org\/2000\/svg\"><path d=\"M571 393Q571 407 561 418L311 668Q300 679 286 679T261 668L11 418Q0 407 0 393T11 368 36 357H536Q550 357 561 368T571 393Z\"><\/path><\/svg>\t\t\t<\/div>\n\t\t\t<select name=\"form_fields[vraboten_1]\" id=\"form-field-vraboten_1\" class=\"elementor-field-textual elementor-size-sm\">\n\t\t\t\t\t\t\t\t\t<option value=\"- \u0432\u043e \u0410\u041b\u041a\u0410\u041b\u041e\u0418\u0414 \u0410\u0414 \u0421\u043a\u043e\u043f\u0458\u0435\">- \u0432\u043e \u0410\u041b\u041a\u0410\u041b\u041e\u0418\u0414 \u0410\u0414 \u0421\u043a\u043e\u043f\u0458\u0435<\/option>\n\t\t\t\t\t\t\t\t\t<option value=\"- \u0432\u043e \u0410\u041b\u041a\u0410\u041b\u041e\u0418\u0414 \u041a\u041e\u041d\u0421 \u0414\u041e\u041e\u0415\u041b \u0421\u043a\u043e\u043f\u0458\u0435\">- \u0432\u043e \u0410\u041b\u041a\u0410\u041b\u041e\u0418\u0414 \u041a\u041e\u041d\u0421 \u0414\u041e\u041e\u0415\u041b \u0421\u043a\u043e\u043f\u0458\u0435<\/option>\n\t\t\t\t\t\t\t\t\t<option value=\"- \u0432\u043e \u0411\u0418\u041b\u041d\u0410 \u0410\u041f\u0422\u0415\u041a\u0410 \u0410\u041b\u041a\u0410\u041b\u041e\u0418\u0414 \u0414\u041e\u041e\u0415\u041b \u0421\u043a\u043e\u043f\u0458\u0435\">- \u0432\u043e \u0411\u0418\u041b\u041d\u0410 \u0410\u041f\u0422\u0415\u041a\u0410 \u0410\u041b\u041a\u0410\u041b\u041e\u0418\u0414 \u0414\u041e\u041e\u0415\u041b \u0421\u043a\u043e\u043f\u0458\u0435<\/option>\n\t\t\t\t\t\t\t<\/select>\n\t\t<\/div>\n\t\t\t\t\t\t<\/div>\n\t\t\t\t\t\t\t\t<div class=\"elementor-field-type-select elementor-field-group elementor-column elementor-field-group-poranesen_vraboten_2 elementor-col-100\">\n\t\t\t\t\t\t\t\t\t\t\t\t<label for=\"form-field-poranesen_vraboten_2\" class=\"elementor-field-label\">\n\t\t\t\t\t\t\t\tporanesen_vraboten\t\t\t\t\t\t\t<\/label>\n\t\t\t\t\t\t\t\t<div class=\"elementor-field elementor-select-wrapper remove-before\">\n\t\t\t<div class=\"select-caret-down-wrapper\">\n\t\t\t\t<svg aria-hidden=\"true\" class=\"e-font-icon-svg e-eicon-caret-down\" viewbox=\"0 0 571.4 571.4\" xmlns=\"http:\/\/www.w3.org\/2000\/svg\"><path d=\"M571 393Q571 407 561 418L311 668Q300 679 286 679T261 668L11 418Q0 407 0 393T11 368 36 357H536Q550 357 561 368T571 393Z\"><\/path><\/svg>\t\t\t<\/div>\n\t\t\t<select name=\"form_fields[poranesen_vraboten_2]\" id=\"form-field-poranesen_vraboten_2\" class=\"elementor-field-textual elementor-size-sm\">\n\t\t\t\t\t\t\t\t\t<option value=\"- \u0432\u043e \u0410\u041b\u041a\u0410\u041b\u041e\u0418\u0414 \u0410\u0414 \u0421\u043a\u043e\u043f\u0458\u0435\">- \u0432\u043e \u0410\u041b\u041a\u0410\u041b\u041e\u0418\u0414 \u0410\u0414 \u0421\u043a\u043e\u043f\u0458\u0435<\/option>\n\t\t\t\t\t\t\t\t\t<option value=\"- \u0432\u043e \u0410\u041b\u041a\u0410\u041b\u041e\u0418\u0414 \u041a\u041e\u041d\u0421 \u0414\u041e\u041e\u0415\u041b \u0421\u043a\u043e\u043f\u0458\u0435\">- \u0432\u043e \u0410\u041b\u041a\u0410\u041b\u041e\u0418\u0414 \u041a\u041e\u041d\u0421 \u0414\u041e\u041e\u0415\u041b \u0421\u043a\u043e\u043f\u0458\u0435<\/option>\n\t\t\t\t\t\t\t\t\t<option value=\"- \u0432\u043e \u0411\u0418\u041b\u041d\u0410 \u0410\u041f\u0422\u0415\u041a\u0410 \u0410\u041b\u041a\u0410\u041b\u041e\u0418\u0414 \u0414\u041e\u041e\u0415\u041b \u0421\u043a\u043e\u043f\u0458\u0435\">- \u0432\u043e \u0411\u0418\u041b\u041d\u0410 \u0410\u041f\u0422\u0415\u041a\u0410 \u0410\u041b\u041a\u0410\u041b\u041e\u0418\u0414 \u0414\u041e\u041e\u0415\u041b \u0421\u043a\u043e\u043f\u0458\u0435<\/option>\n\t\t\t\t\t\t\t<\/select>\n\t\t<\/div>\n\t\t\t\t\t\t<\/div>\n\t\t\t\t\t\t\t\t<div class=\"elementor-field-type-select elementor-field-group elementor-column elementor-field-group-drzava elementor-col-100 elementor-field-required elementor-mark-required\">\n\t\t\t\t\t\t\t\t\t\t\t\t<label for=\"form-field-drzava\" class=\"elementor-field-label\">\n\t\t\t\t\t\t\t\tDr\u017eava\t\t\t\t\t\t\t<\/label>\n\t\t\t\t\t\t\t\t<div class=\"elementor-field elementor-select-wrapper remove-before\">\n\t\t\t<div class=\"select-caret-down-wrapper\">\n\t\t\t\t<svg aria-hidden=\"true\" class=\"e-font-icon-svg e-eicon-caret-down\" viewbox=\"0 0 571.4 571.4\" xmlns=\"http:\/\/www.w3.org\/2000\/svg\"><path d=\"M571 393Q571 407 561 418L311 668Q300 679 286 679T261 668L11 418Q0 407 0 393T11 368 36 357H536Q550 357 561 368T571 393Z\"><\/path><\/svg>\t\t\t<\/div>\n\t\t\t<select name=\"form_fields[drzava]\" id=\"form-field-drzava\" class=\"elementor-field-textual elementor-size-sm\" required=\"required\">\n\t\t\t\t\t\t\t\t\t<option value=\"\u041e\u0434\u0431\u0435\u0440\u0438 \u0434\u0440\u0436\u0430\u0432\u0430\">\u041e\u0434\u0431\u0435\u0440\u0438 \u0434\u0440\u0436\u0430\u0432\u0430<\/option>\n\t\t\t\t\t\t\t\t\t<option value=\"\u041c\u0430\u043a\u0435\u0434\u043e\u043d\u0438\u0458\u0430\">\u041c\u0430\u043a\u0435\u0434\u043e\u043d\u0438\u0458\u0430<\/option>\n\t\t\t\t\t\t\t\t\t<option value=\"\u0421\u0440\u0431\u0438\u0458\u0430\">\u0421\u0440\u0431\u0438\u0458\u0430<\/option>\n\t\t\t\t\t\t\t\t\t<option value=\"\u0425\u0440\u0432\u0430\u0442\u0441\u043a\u0430\">\u0425\u0440\u0432\u0430\u0442\u0441\u043a\u0430<\/option>\n\t\t\t\t\t\t\t\t\t<option value=\"\u0411\u043e\u0441\u043d\u0430 \u0438 \u0425\u0435\u0440\u0446\u0435\u0433\u043e\u0432\u0438\u043d\u0430\">\u0411\u043e\u0441\u043d\u0430 \u0438 \u0425\u0435\u0440\u0446\u0435\u0433\u043e\u0432\u0438\u043d\u0430<\/option>\n\t\t\t\t\t\t\t\t\t<option value=\"\u0421\u043b\u043e\u0432\u0435\u043d\u0438\u0458\u0430\">\u0421\u043b\u043e\u0432\u0435\u043d\u0438\u0458\u0430<\/option>\n\t\t\t\t\t\t\t\t\t<option value=\"\u0426\u0440\u043d\u0430 \u0413\u043e\u0440\u0430\">\u0426\u0440\u043d\u0430 \u0413\u043e\u0440\u0430<\/option>\n\t\t\t\t\t\t\t\t\t<option value=\"\u0423\u043a\u0440\u0430\u0438\u043d\u0430\">\u0423\u043a\u0440\u0430\u0438\u043d\u0430<\/option>\n\t\t\t\t\t\t\t\t\t<option value=\"\u0420\u0443\u0441\u0438\u0458\u0430\">\u0420\u0443\u0441\u0438\u0458\u0430<\/option>\n\t\t\t\t\t\t\t\t\t<option value=\"\u041a\u0430\u0437\u0430\u0445\u0441\u0442\u0430\u043d\">\u041a\u0430\u0437\u0430\u0445\u0441\u0442\u0430\u043d<\/option>\n\t\t\t\t\t\t\t\t\t<option value=\"\u0411\u0443\u0433\u0430\u0440\u0438\u0458\u0430\">\u0411\u0443\u0433\u0430\u0440\u0438\u0458\u0430<\/option>\n\t\t\t\t\t\t\t\t\t<option value=\"\u041a\u043e\u0441\u043e\u0432\u043e\">\u041a\u043e\u0441\u043e\u0432\u043e<\/option>\n\t\t\t\t\t\t\t\t\t<option value=\"\u0410\u043b\u0431\u0430\u043d\u0438\u0458\u0430\">\u0410\u043b\u0431\u0430\u043d\u0438\u0458\u0430<\/option>\n\t\t\t\t\t\t\t<\/select>\n\t\t<\/div>\n\t\t\t\t\t\t<\/div>\n\t\t\t\t\t\t\t\t<div class=\"elementor-field-type-date elementor-field-group elementor-column elementor-field-group-field_e8cf141 elementor-col-100 elementor-field-required elementor-mark-required\">\n\t\t\t\t\t\t\t\t\t\t\t\t<label for=\"form-field-field_e8cf141\" class=\"elementor-field-label\">\n\t\t\t\t\t\t\t\tDatum i vreme doga\u0111aja\t\t\t\t\t\t\t<\/label>\n\t\t\t\t\t\t\n\t\t<input type=\"date\" name=\"form_fields[field_e8cf141]\" id=\"form-field-field_e8cf141\" class=\"elementor-field elementor-size-sm  elementor-field-textual elementor-date-field\" value=\"\u0430\u043f\u0440\u0438\u043b 18, 2026\" required=\"required\" pattern=\"[0-9]{4}-[0-9]{2}-[0-9]{2}\">\n\t\t\t\t\t\t<\/div>\n\t\t\t\t\t\t\t\t<div class=\"elementor-field-type-email elementor-field-group elementor-column elementor-field-group-email elementor-col-100 elementor-field-required elementor-mark-required\">\n\t\t\t\t\t\t\t\t\t\t\t\t<label for=\"form-field-email\" class=\"elementor-field-label\">\n\t\t\t\t\t\t\t\tEmail\t\t\t\t\t\t\t<\/label>\n\t\t\t\t\t\t\t\t\t\t\t\t\t\t<input size=\"1\" type=\"email\" name=\"form_fields[email]\" id=\"form-field-email\" class=\"elementor-field elementor-size-sm  elementor-field-textual\" placeholder=\"Email\" required=\"required\">\n\t\t\t\t\t\t\t\t\t\t\t<\/div>\n\t\t\t\t\t\t\t\t<div class=\"elementor-field-type-step elementor-field-group elementor-column elementor-field-group-field_0427c62 elementor-col-100\">\n\t\t\t\t\t\t\t<div class=\"e-field-step elementor-hidden\" data-label=\"\" data-previousbutton=\"\" data-nextbutton=\"\" data-iconurl=\"\" data-iconlibrary=\"fas fa-star\" data-icon=\"&lt;svg class=&quot;e-font-icon-svg e-fas-star&quot; viewBox=&quot;0 0 576 512&quot; xmlns=&quot;http:\/\/www.w3.org\/2000\/svg&quot;&gt;&lt;path d=&quot;M259.3 17.8L194 150.2 47.9 171.5c-26.2 3.8-36.7 36.1-17.7 54.6l105.7 103-25 145.5c-4.5 26.3 23.2 46 46.4 33.7L288 439.6l130.7 68.7c23.2 12.2 50.9-7.4 46.4-33.7l-25-145.5 105.7-103c19-18.5 8.5-50.8-17.7-54.6L382 150.2 316.7 17.8c-11.7-23.6-45.6-23.9-57.4 0z&quot;&gt;&lt;\/path&gt;&lt;\/svg&gt;\" ><\/div>\n\n\t\t\t\t\t\t<\/div>\n\t\t\t\t\t\t\t\t<div class=\"elementor-field-type-text elementor-field-group elementor-column elementor-field-group-field_bfa200d elementor-col-100 elementor-field-required elementor-mark-required\">\n\t\t\t\t\t\t\t\t\t\t\t\t<label for=\"form-field-field_bfa200d\" class=\"elementor-field-label\">\n\t\t\t\t\t\t\t\tUklju\u010dene osobe\t\t\t\t\t\t\t<\/label>\n\t\t\t\t\t\t\t\t\t\t\t\t\t\t<input size=\"1\" type=\"text\" name=\"form_fields[field_bfa200d]\" id=\"form-field-field_bfa200d\" class=\"elementor-field elementor-size-sm  elementor-field-textual\" required=\"required\">\n\t\t\t\t\t\t\t\t\t\t\t<\/div>\n\t\t\t\t\t\t\t\t<div class=\"elementor-field-type-textarea elementor-field-group elementor-column elementor-field-group-message elementor-col-100 elementor-field-required elementor-mark-required\">\n\t\t\t\t\t\t\t\t\t\t\t\t<label for=\"form-field-message\" class=\"elementor-field-label\">\n\t\t\t\t\t\t\t\tOpis nepravilnosti\t\t\t\t\t\t\t<\/label>\n\t\t\t\t\t\t<textarea class=\"elementor-field-textual elementor-field  elementor-size-sm\" name=\"form_fields[message]\" id=\"form-field-message\" rows=\"4\" required=\"required\"><\/textarea>\t\t\t\t<\/div>\n\t\t\t\t\t\t\t\t<div class=\"elementor-field-type-upload elementor-field-group elementor-column elementor-field-group-field_de73ef1 elementor-col-100\">\n\t\t\t\t\t\t\t\t\t\t\t\t<label for=\"form-field-field_de73ef1\" class=\"elementor-field-label\">\n\t\t\t\t\t\t\t\tPrilo\u017eite dokument\t\t\t\t\t\t\t<\/label>\n\t\t\t\t\t\t\t\t<input type=\"file\" name=\"form_fields[field_de73ef1][]\" id=\"form-field-field_de73ef1\" class=\"elementor-field elementor-size-sm  elementor-upload-field\" multiple=\"multiple\" data-maxsize=\"5\" data-maxsize-message=\"This file exceeds the maximum allowed size.\">\n\n\t\t\t\t\t\t<\/div>\n\t\t\t\t\t\t\t\t<div class=\"elementor-field-type-html elementor-field-group elementor-column elementor-field-group-field_18a0b5e elementor-col-100\">\n\t\t\t\t\t<strong><em>Prilikom opisivanja nepravilnosti, vodite se sledec\u0301im pitanjima:<\/em><\/strong>\n<ul>\n \t<li><em>\u0160ta se ta\u010dno dogodilo? (navedite \u0161to vi\u0161e detalja i informacija)<\/em><\/li>\n \t<li><em>Kako je to povezano sa tobom?<\/em><\/li>\n \t<li><em>\u0160ta je re\u010deno ili ura\u0111eno?<\/em><\/li>\n \t<li><em>Ko je bio uklju\u010den ili obave\u0161ten o doga\u0111aju? (Na primer, ako se doga\u0111aj dogodio tokom sastanka, navedite koje osobe ili slu\u017ebe su bile prisutne.)<\/em><\/li>\n<\/ul>\t\t\t\t<\/div>\n\t\t\t\t\t\t\t\t<div class=\"elementor-field-type-acceptance elementor-field-group elementor-column elementor-field-group-field_00bba0f elementor-col-100 elementor-field-required elementor-mark-required\">\n\t\t\t\t\t\t\t<div class=\"elementor-field-subgroup\">\n\t\t\t<span class=\"elementor-field-option\">\n\t\t\t\t<input type=\"checkbox\" name=\"form_fields[field_00bba0f]\" id=\"form-field-field_00bba0f\" class=\"elementor-field elementor-size-sm  elementor-acceptance-field\" required=\"required\">\n\t\t\t\t<label for=\"form-field-field_00bba0f\">Sla\u017eem se da se moji li\u010dni podaci navedeni u ovoj prijavi obra\u0111uju za potrebe Alkaloid AD Skoplje.<\/label>\t\t\t<\/span>\n\t\t<\/div>\n\t\t\t\t\t\t<\/div>\n\t\t\t\t\t\t\t\t<div class=\"elementor-field-group elementor-column elementor-field-type-submit elementor-col-100 e-form__buttons\">\n\t\t\t\t\t<button class=\"elementor-button elementor-size-sm\" type=\"submit\">\n\t\t\t\t\t\t<span class=\"elementor-button-content-wrapper\">\n\t\t\t\t\t\t\t\t\t\t\t\t\t\t\t\t\t\t\t\t\t\t<span class=\"elementor-button-text\">Prijavi<\/span>\n\t\t\t\t\t\t\t\t\t\t\t\t\t<\/span>\n\t\t\t\t\t<\/button>\n\t\t\t\t<\/div>\n\t\t\t<\/div>\n\t\t<input type=\"hidden\" name=\"trp-form-language\" value=\"sr\"\/><\/form>\n\t\t\t\t\t\t<\/div>\n\t\t\t\t<\/div>\n\t\t\t\t<\/div>\n\t\t<div class=\"elementor-element elementor-element-ca51364 e-con-full elementor-hidden-tablet e-flex e-con e-child\" data-id=\"ca51364\" data-element_type=\"container\" data-settings=\"{&quot;background_background&quot;:&quot;classic&quot;}\">\n\t\t\t\t<\/div>\n\t\t\t\t\t<\/div>\n\t\t\t\t<\/div>\n\t\t\t\t<\/div>","protected":false},"excerpt":{"rendered":"<p>\u041f\u0440\u0438\u0458\u0430\u0432\u0438 \u043d\u0435\u0440\u0435\u0433\u0443\u043b\u0430\u0440\u043d\u043e\u0441\u0442 ( \u0422\u0440\u0430\u043d\u0441\u043f\u0430\u0440\u0435\u043d\u0442\u043d\u043e ) \u0421\u043f\u043e\u0441\u043e\u0431\u043d\u043e\u0441\u0442\u0430 \u043d\u0430 \u0410\u043b\u043a\u0430\u043b\u043e\u0438\u0434 \u0434\u0430 \u0433\u043e \u0438\u0441\u0442\u0440\u0430\u0436\u0438 \u043e\u043d\u0430 \u0448\u0442\u043e \u0432\u0435 \u0437\u0430\u0433\u0440\u0438\u0436\u0443\u0432\u0430 \u0437\u0430\u0432\u0438\u0441\u0438 \u043e\u0434 \u0432\u0430\u0448\u0430\u0442\u0430 \u0434\u043e\u0431\u0440\u0430 \u0432\u043e\u043b\u0458\u0430 \u0434\u0430 \u043e\u0431\u0435\u0437\u0431\u0435\u0434\u0438\u0442\u0435 \u0438\u0441\u043a\u0440\u0435\u043d\u0438, \u0442\u043e\u0447\u043d\u0438 \u0438 \u0446\u0435\u043b\u043e\u0441\u043d\u0438 \u0438\u043d\u0444\u043e\u0440\u043c\u0430\u0446\u0438\u0438. \u0412\u0435 \u043f\u043e\u0442\u0442\u0438\u043a\u043d\u0443\u0432\u0430\u043c\u0435 \u0434\u0430 \u0434\u0430\u0434\u0435\u0442\u0435 \u0448\u0442\u043e \u0435 \u043c\u043e\u0436\u043d\u043e \u043f\u043e\u0432\u0435\u045c\u0435 \u0434\u0435\u0442\u0430\u043b\u0438 \u0438 \u0438\u043d\u0444\u043e\u0440\u043c\u0430\u0446\u0438\u0438 \u0437\u0430 \u043f\u0440\u0438\u0458\u0430\u0432\u0435\u043d\u0430\u0442\u0430 \u043d\u0435\u0440\u0435\u0433\u0443\u043b\u0430\u0440\u043d\u043e\u0441\u0442. \u0418\u0441\u0442\u0438\u0442\u0435 \u043d\u0435\u043c\u0430 \u0434\u0430 \u0441\u0435 \u043f\u043e\u0434\u043d\u0435\u0441\u0430\u0442 \u0432\u043e \u0410\u043b\u043a\u0430\u043b\u043e\u0438\u0434 \u0441\u0450 \u0434\u043e\u0434\u0435\u043a\u0430 \u043d\u0435 \u043a\u043b\u0438\u043a\u043d\u0435\u0442\u0435 \u043d\u0430 \u043a\u043e\u043f\u0447\u0435\u0442\u043e \u201e\u041f\u0420\u0418\u0408\u0410\u0412\u0418\u201c [&hellip;]<\/p>","protected":false},"author":1,"featured_media":0,"parent":0,"menu_order":0,"comment_status":"closed","ping_status":"closed","template":"elementor_header_footer","meta":{"footnotes":""},"class_list":["post-372","page","type-page","status-publish","hentry"],"_links":{"self":[{"href":"https:\/\/speakup.alkaloid.com.mk\/sr\/wp-json\/wp\/v2\/pages\/372","targetHints":{"allow":["GET"]}}],"collection":[{"href":"https:\/\/speakup.alkaloid.com.mk\/sr\/wp-json\/wp\/v2\/pages"}],"about":[{"href":"https:\/\/speakup.alkaloid.com.mk\/sr\/wp-json\/wp\/v2\/types\/page"}],"author":[{"embeddable":true,"href":"https:\/\/speakup.alkaloid.com.mk\/sr\/wp-json\/wp\/v2\/users\/1"}],"replies":[{"embeddable":true,"href":"https:\/\/speakup.alkaloid.com.mk\/sr\/wp-json\/wp\/v2\/comments?post=372"}],"version-history":[{"count":130,"href":"https:\/\/speakup.alkaloid.com.mk\/sr\/wp-json\/wp\/v2\/pages\/372\/revisions"}],"predecessor-version":[{"id":1054,"href":"https:\/\/speakup.alkaloid.com.mk\/sr\/wp-json\/wp\/v2\/pages\/372\/revisions\/1054"}],"wp:attachment":[{"href":"https:\/\/speakup.alkaloid.com.mk\/sr\/wp-json\/wp\/v2\/media?parent=372"}],"curies":[{"name":"wp","href":"https:\/\/api.w.org\/{rel}","templated":true}]}}