
{"id":78,"date":"2025-09-05T13:21:07","date_gmt":"2025-09-05T13:21:07","guid":{"rendered":"http:\/\/spk.alkaloidad.local\/?page_id=78"},"modified":"2025-09-24T05:43:41","modified_gmt":"2025-09-24T05:43:41","slug":"managment-message","status":"publish","type":"page","link":"https:\/\/speakup.alkaloid.com.mk\/sr\/managment-message\/","title":{"rendered":"Managment Message"},"content":{"rendered":"<div data-elementor-type=\"wp-page\" data-elementor-id=\"78\" class=\"elementor elementor-78\" data-elementor-settings=\"{&quot;element_pack_global_tooltip_width&quot;:{&quot;unit&quot;:&quot;px&quot;,&quot;size&quot;:&quot;&quot;,&quot;sizes&quot;:[]},&quot;element_pack_global_tooltip_width_tablet&quot;:{&quot;unit&quot;:&quot;px&quot;,&quot;size&quot;:&quot;&quot;,&quot;sizes&quot;:[]},&quot;element_pack_global_tooltip_width_mobile&quot;:{&quot;unit&quot;:&quot;px&quot;,&quot;size&quot;:&quot;&quot;,&quot;sizes&quot;:[]},&quot;element_pack_global_tooltip_padding&quot;:{&quot;unit&quot;:&quot;px&quot;,&quot;top&quot;:&quot;&quot;,&quot;right&quot;:&quot;&quot;,&quot;bottom&quot;:&quot;&quot;,&quot;left&quot;:&quot;&quot;,&quot;isLinked&quot;:true},&quot;element_pack_global_tooltip_padding_tablet&quot;:{&quot;unit&quot;:&quot;px&quot;,&quot;top&quot;:&quot;&quot;,&quot;right&quot;:&quot;&quot;,&quot;bottom&quot;:&quot;&quot;,&quot;left&quot;:&quot;&quot;,&quot;isLinked&quot;:true},&quot;element_pack_global_tooltip_padding_mobile&quot;:{&quot;unit&quot;:&quot;px&quot;,&quot;top&quot;:&quot;&quot;,&quot;right&quot;:&quot;&quot;,&quot;bottom&quot;:&quot;&quot;,&quot;left&quot;:&quot;&quot;,&quot;isLinked&quot;:true},&quot;element_pack_global_tooltip_border_radius&quot;:{&quot;unit&quot;:&quot;px&quot;,&quot;top&quot;:&quot;&quot;,&quot;right&quot;:&quot;&quot;,&quot;bottom&quot;:&quot;&quot;,&quot;left&quot;:&quot;&quot;,&quot;isLinked&quot;:true},&quot;element_pack_global_tooltip_border_radius_tablet&quot;:{&quot;unit&quot;:&quot;px&quot;,&quot;top&quot;:&quot;&quot;,&quot;right&quot;:&quot;&quot;,&quot;bottom&quot;:&quot;&quot;,&quot;left&quot;:&quot;&quot;,&quot;isLinked&quot;:true},&quot;element_pack_global_tooltip_border_radius_mobile&quot;:{&quot;unit&quot;:&quot;px&quot;,&quot;top&quot;:&quot;&quot;,&quot;right&quot;:&quot;&quot;,&quot;bottom&quot;:&quot;&quot;,&quot;left&quot;:&quot;&quot;,&quot;isLinked&quot;:true}}\" data-elementor-post-type=\"page\">\n\t\t\t\t<div class=\"elementor-element elementor-element-c059361 e-flex e-con-boxed e-con e-parent\" data-id=\"c059361\" data-element_type=\"container\" data-settings=\"{&quot;background_background&quot;:&quot;classic&quot;}\">\n\t\t\t\t\t<div class=\"e-con-inner\">\n\t\t\t\t<div class=\"elementor-element elementor-element-46430cf elementor-invisible elementor-widget elementor-widget-heading\" data-id=\"46430cf\" data-element_type=\"widget\" data-settings=\"{&quot;_animation&quot;:&quot;fadeIn&quot;}\" data-widget_type=\"heading.default\">\n\t\t\t\t\t<h2 class=\"elementor-heading-title elementor-size-default\">PORUKA RUKOVODSTVA\n<\/h2>\t\t\t\t<\/div>\n\t\t\t\t\t<\/div>\n\t\t\t\t<\/div>\n\t\t<div class=\"elementor-element elementor-element-c547cd2 e-con-full e-flex elementor-invisible e-con e-parent\" data-id=\"c547cd2\" data-element_type=\"container\" data-settings=\"{&quot;animation&quot;:&quot;fadeIn&quot;}\">\n\t\t<div class=\"elementor-element elementor-element-7537d0c e-con-full e-flex e-con e-child\" data-id=\"7537d0c\" data-element_type=\"container\">\n\t\t<div class=\"elementor-element elementor-element-d45adcf e-con-full e-flex e-con e-child\" data-id=\"d45adcf\" data-element_type=\"container\">\n\t\t\t\t<div class=\"elementor-element elementor-element-9359ec4 elementor-widget elementor-widget-image\" data-id=\"9359ec4\" data-element_type=\"widget\" data-widget_type=\"image.default\">\n\t\t\t\t\t\t\t\t\t\t\t\t\t\t\t<img fetchpriority=\"high\" decoding=\"async\" width=\"740\" height=\"600\" src=\"https:\/\/speakup.alkaloid.com.mk\/wp-content\/uploads\/2025\/09\/ZhivkoMukaetov_01.jpg\" class=\"attachment-large size-large wp-image-84\" alt=\"\" srcset=\"https:\/\/speakup.alkaloid.com.mk\/wp-content\/uploads\/2025\/09\/ZhivkoMukaetov_01.jpg 740w, https:\/\/speakup.alkaloid.com.mk\/wp-content\/uploads\/2025\/09\/ZhivkoMukaetov_01-300x243.jpg 300w\" sizes=\"(max-width: 740px) 100vw, 740px\" \/>\t\t\t\t\t\t\t\t\t\t\t\t\t\t\t<\/div>\n\t\t\t\t<\/div>\n\t\t<div class=\"elementor-element elementor-element-4966263 e-con-full e-flex e-con e-child\" data-id=\"4966263\" data-element_type=\"container\">\n\t\t\t\t<div class=\"elementor-element elementor-element-e614cd1 elementor-widget elementor-widget-text-editor\" data-id=\"e614cd1\" data-element_type=\"widget\" data-widget_type=\"text-editor.default\">\n\t\t\t\t\t\t\t\t\t<p>u kojima kompanija posluje. Svaki proizvod koji nosi logo Alkaloida sinonim je za kvalitet, tradiciju i naporan rad preko hiljadu zaposlenih i generacija zaposlenih u Alkaloidu koje su pre nas gradile vrednosti kompanije. Istovremeno, postoji ogromna odgovornost da se taj kredibilitet odr\u017ei.<\/p><p>Imid\u017e bilo koje kompanije ne gradi se skupim marketin\u0161kim kampanjama ili \u0161arenim pakovanjem proizvoda. Taj imid\u017e, te vrednosti kompanije i taj kredibilitet su odraz organizacione kulture, u kojoj treba da postoje precizno definisana pravila pona\u0161anja za svakog zaposlenog i svakog saradnika koji je na bilo koji na\u010din uklju\u010den u procese kompanije na bilo kom nivou. Zato smo definisali \u201eKodeks eti\u010dkog i poslovnog pona\u0161anja\u201c, koji predstavlja sublimaciju pravila pona\u0161anja na radnom mestu, a koji bi tako\u0111e trebalo da bude referenca za sve zaposlene, za njihovo uspe\u0161nije re\u0161avanje svakodnevnih radnih izazova na profesionalan i eti\u010dki na\u010din.<\/p><p>Kao deo globalno orijentisane pri\u010de o Alkaloidu, svi treba da doprinesemo uspe\u0161noj implementaciji procesa kompanije. Svaki zaposleni svojim pona\u0161anjem treba da poka\u017ee sna\u017enu volju, nameru i spremnost da doprinese nesmetanoj i efikasnijoj realizaciji vizije i misije kompanije. Za mene, kao generalnog direktora Alkaloida, nema vec\u0301eg prioriteta od visokoprofesionalnog i eti\u010dkog pristupa radu zaposlenih u kompaniji, bez obzira na zemlju iz koje dolaze ili poziciju koju zauzimaju. Hvala vam \u0161to ste deo uspe\u0161nog Alkaloida. Radujem se buduc\u0301im zajedni\u010dkim velikim uspesima i jo\u0161 vec\u0301im dostignuc\u0301ima!<\/p>\t\t\t\t\t\t\t\t<\/div>\n\t\t\t\t<div class=\"elementor-element elementor-element-9a13299 elementor-widget elementor-widget-heading\" data-id=\"9a13299\" data-element_type=\"widget\" data-widget_type=\"heading.default\">\n\t\t\t\t\t<h2 class=\"elementor-heading-title elementor-size-default\">\u017divko Mukaetov, Generalni direktor i Predsednik Upravnog odbora \u201eAlkaloid\u201c AD Skoplje\n<\/h2>\t\t\t\t<\/div>\n\t\t\t\t<\/div>\n\t\t\t\t<\/div>\n\t\t\t\t<\/div>\n\t\t\t\t<\/div>","protected":false},"excerpt":{"rendered":"<p>\u041f\u043e\u0440\u0430\u043a\u0430 \u043e\u0434 \u043c\u0435\u043d\u0430\u045f\u043c\u0435\u043d\u0442\u043e\u0442 \u041f\u043e\u0447\u0438\u0442\u0443\u0432\u0430\u043d\u0438 \u043a\u043e\u043b\u0435\u0448\u043a\u0438 \u0438 \u043a\u043e\u043b\u0435\u0433\u0438, \u041f\u0440\u043e\u0438\u0437\u0432\u043e\u0434\u0438\u0442\u0435 \u043d\u0430 \u201e\u0410\u043b\u043a\u0430\u043b\u043e\u0438\u0434\u201c \u0441\u0435 \u0434\u0435\u043b \u043e\u0434 \u0441\u0435\u043a\u043e\u0458\u0434\u043d\u0435\u0432\u0438\u0435\u0442\u043e \u043d\u0430 \u043c\u0438\u043b\u0438\u043e\u043d\u0438 \u043b\u0443\u0453\u0435 \u0432\u043e \u0437\u0435\u043c\u0458\u0438\u0442\u0435 \u043a\u0430\u0434\u0435 \u0448\u0442\u043e \u043a\u043e\u043c\u043f\u0430\u043d\u0438\u0458\u0430\u0442\u0430 \u0438\u043c\u0430 \u0432\u043e\u0441\u043f\u043e\u0441\u0442\u0430\u0432\u0435\u043d\u043e \u0441\u0432\u043e\u0438 \u0434\u0435\u043b\u043e\u0432\u043d\u0438 \u043e\u043f\u0435\u0440\u0430\u0446\u0438\u0438. \u0421\u0435\u043a\u043e\u0458 \u043f\u0440\u043e\u0438\u0437\u0432\u043e\u0434 \u0448\u0442\u043e \u0433\u043e \u043d\u043e\u0441\u0438 \u043b\u043e\u0433\u043e\u0442\u043e \u043d\u0430 \u201e\u0410\u043b\u043a\u0430\u043b\u043e\u0438\u0434\u201c \u0435 \u0441\u0438\u043d\u043e\u043d\u0438\u043c \u0437\u0430 \u043a\u0432\u0430\u043b\u0438\u0442\u0435\u0442, \u0437\u0430 \u0442\u0440\u0430\u0434\u0438\u0446\u0438\u0458\u0430 \u0438 \u0437\u0430 \u0432\u043b\u043e\u0436\u0435\u043d \u0442\u0440\u0443\u0434 \u043d\u0430 \u043f\u0440\u0435\u043a\u0443 \u0438\u043b\u0458\u0430\u0434\u0430 \u0432\u0440\u0430\u0431\u043e\u0442\u0435\u043d\u0438 \u0438 \u0433\u0435\u043d\u0435\u0440\u0430\u0446\u0438\u0438 \u043d\u0430 \u201e\u0430\u043b\u043a\u0430\u043b\u043e\u0438\u0434\u043e\u0432\u0446\u0438\u201c, \u043a\u043e\u0438 \u043f\u0440\u0435\u0434 [&hellip;]<\/p>","protected":false},"author":1,"featured_media":0,"parent":0,"menu_order":0,"comment_status":"closed","ping_status":"closed","template":"elementor_header_footer","meta":{"footnotes":""},"class_list":["post-78","page","type-page","status-publish","hentry"],"_links":{"self":[{"href":"https:\/\/speakup.alkaloid.com.mk\/sr\/wp-json\/wp\/v2\/pages\/78","targetHints":{"allow":["GET"]}}],"collection":[{"href":"https:\/\/speakup.alkaloid.com.mk\/sr\/wp-json\/wp\/v2\/pages"}],"about":[{"href":"https:\/\/speakup.alkaloid.com.mk\/sr\/wp-json\/wp\/v2\/types\/page"}],"author":[{"embeddable":true,"href":"https:\/\/speakup.alkaloid.com.mk\/sr\/wp-json\/wp\/v2\/users\/1"}],"replies":[{"embeddable":true,"href":"https:\/\/speakup.alkaloid.com.mk\/sr\/wp-json\/wp\/v2\/comments?post=78"}],"version-history":[{"count":13,"href":"https:\/\/speakup.alkaloid.com.mk\/sr\/wp-json\/wp\/v2\/pages\/78\/revisions"}],"predecessor-version":[{"id":140,"href":"https:\/\/speakup.alkaloid.com.mk\/sr\/wp-json\/wp\/v2\/pages\/78\/revisions\/140"}],"wp:attachment":[{"href":"https:\/\/speakup.alkaloid.com.mk\/sr\/wp-json\/wp\/v2\/media?parent=78"}],"curies":[{"name":"wp","href":"https:\/\/api.w.org\/{rel}","templated":true}]}}